{"id":1039,"date":"2023-09-29T12:58:57","date_gmt":"2023-09-29T10:58:57","guid":{"rendered":"https:\/\/www.feuerwehr-moorsee.de\/?page_id=1039"},"modified":"2023-09-29T12:58:59","modified_gmt":"2023-09-29T10:58:59","slug":"hilfeleistungsloeschfahrzeug-10","status":"publish","type":"page","link":"https:\/\/www.feuerwehr-moorsee.de\/?page_id=1039","title":{"rendered":"Hilfeleistungsl\u00f6schfahrzeug 10"},"content":{"rendered":"\n<div class=\"alignnormal\"><div id=\"metaslider-id-1158\" style=\"width: 100%;\" class=\"ml-slider-3-109-0 metaslider metaslider-flex metaslider-1158 ml-slider has-dots-nav ms-theme-default\" role=\"region\" aria-label=\"Seite HLF 10\" data-height=\"450\" data-width=\"700\">\n    <div id=\"metaslider_container_1158\">\n        <div id=\"metaslider_1158\">\n            <ul class='slides'>\n                <li style=\"display: block; width: 100%;\" class=\"slide-1218 ms-image \" aria-roledescription=\"slide\" data-date=\"2023-09-26 09:45:08\" data-filename=\"img_0159-1-scaled.jpg\" data-slide-type=\"image\"><img loading=\"lazy\" decoding=\"async\" width=\"2560\" height=\"1704\" src=\"https:\/\/www.feuerwehr-moorsee.de\/wp-content\/uploads\/2023\/09\/img_0159-1-scaled.jpg\" class=\"slider-1158 slide-1218 msDefaultImage\" alt=\"\" rel=\"\" title=\"img_0159-1.jpg\" srcset=\"https:\/\/www.feuerwehr-moorsee.de\/wp-content\/uploads\/2023\/09\/img_0159-1-scaled.jpg 2560w, https:\/\/www.feuerwehr-moorsee.de\/wp-content\/uploads\/2023\/09\/img_0159-1-300x200.jpg 300w, https:\/\/www.feuerwehr-moorsee.de\/wp-content\/uploads\/2023\/09\/img_0159-1-1024x682.jpg 1024w, https:\/\/www.feuerwehr-moorsee.de\/wp-content\/uploads\/2023\/09\/img_0159-1-768x511.jpg 768w, https:\/\/www.feuerwehr-moorsee.de\/wp-content\/uploads\/2023\/09\/img_0159-1-1536x1022.jpg 1536w, https:\/\/www.feuerwehr-moorsee.de\/wp-content\/uploads\/2023\/09\/img_0159-1-2048x1363.jpg 2048w\" sizes=\"auto, (max-width: 2560px) 100vw, 2560px\" \/><\/li>\n                <li style=\"display: none; width: 100%;\" class=\"slide-1220 ms-image \" aria-roledescription=\"slide\" data-date=\"2023-09-26 09:45:09\" data-filename=\"img_0157-1-scaled.jpg\" data-slide-type=\"image\"><img loading=\"lazy\" decoding=\"async\" width=\"2560\" height=\"1704\" src=\"https:\/\/www.feuerwehr-moorsee.de\/wp-content\/uploads\/2023\/09\/img_0157-1-scaled.jpg\" class=\"slider-1158 slide-1220 msDefaultImage\" alt=\"\" rel=\"\" title=\"img_0157-1.jpg\" srcset=\"https:\/\/www.feuerwehr-moorsee.de\/wp-content\/uploads\/2023\/09\/img_0157-1-scaled.jpg 2560w, https:\/\/www.feuerwehr-moorsee.de\/wp-content\/uploads\/2023\/09\/img_0157-1-300x200.jpg 300w, https:\/\/www.feuerwehr-moorsee.de\/wp-content\/uploads\/2023\/09\/img_0157-1-1024x682.jpg 1024w, https:\/\/www.feuerwehr-moorsee.de\/wp-content\/uploads\/2023\/09\/img_0157-1-768x511.jpg 768w, https:\/\/www.feuerwehr-moorsee.de\/wp-content\/uploads\/2023\/09\/img_0157-1-1536x1022.jpg 1536w, https:\/\/www.feuerwehr-moorsee.de\/wp-content\/uploads\/2023\/09\/img_0157-1-2048x1363.jpg 2048w\" sizes=\"auto, (max-width: 2560px) 100vw, 2560px\" \/><\/li>\n                <li style=\"display: none; width: 100%;\" class=\"slide-1219 ms-image \" aria-roledescription=\"slide\" data-date=\"2023-09-26 09:45:08\" data-filename=\"img_0160-1-scaled.jpg\" data-slide-type=\"image\"><img loading=\"lazy\" decoding=\"async\" width=\"2560\" height=\"1704\" src=\"https:\/\/www.feuerwehr-moorsee.de\/wp-content\/uploads\/2023\/09\/img_0160-1-scaled.jpg\" class=\"slider-1158 slide-1219 msDefaultImage\" alt=\"\" rel=\"\" title=\"img_0160-1.jpg\" srcset=\"https:\/\/www.feuerwehr-moorsee.de\/wp-content\/uploads\/2023\/09\/img_0160-1-scaled.jpg 2560w, https:\/\/www.feuerwehr-moorsee.de\/wp-content\/uploads\/2023\/09\/img_0160-1-300x200.jpg 300w, https:\/\/www.feuerwehr-moorsee.de\/wp-content\/uploads\/2023\/09\/img_0160-1-1024x682.jpg 1024w, https:\/\/www.feuerwehr-moorsee.de\/wp-content\/uploads\/2023\/09\/img_0160-1-768x511.jpg 768w, https:\/\/www.feuerwehr-moorsee.de\/wp-content\/uploads\/2023\/09\/img_0160-1-1536x1022.jpg 1536w, https:\/\/www.feuerwehr-moorsee.de\/wp-content\/uploads\/2023\/09\/img_0160-1-2048x1363.jpg 2048w\" sizes=\"auto, (max-width: 2560px) 100vw, 2560px\" \/><\/li>\n                <li style=\"display: none; width: 100%;\" class=\"slide-1215 ms-image \" aria-roledescription=\"slide\" data-date=\"2023-09-26 09:45:07\" data-filename=\"img_0165-1-scaled.jpg\" data-slide-type=\"image\"><img loading=\"lazy\" decoding=\"async\" width=\"2560\" height=\"1704\" src=\"https:\/\/www.feuerwehr-moorsee.de\/wp-content\/uploads\/2023\/09\/img_0165-1-scaled.jpg\" class=\"slider-1158 slide-1215 msDefaultImage\" alt=\"\" rel=\"\" title=\"img_0165-1.jpg\" srcset=\"https:\/\/www.feuerwehr-moorsee.de\/wp-content\/uploads\/2023\/09\/img_0165-1-scaled.jpg 2560w, https:\/\/www.feuerwehr-moorsee.de\/wp-content\/uploads\/2023\/09\/img_0165-1-300x200.jpg 300w, https:\/\/www.feuerwehr-moorsee.de\/wp-content\/uploads\/2023\/09\/img_0165-1-1024x682.jpg 1024w, https:\/\/www.feuerwehr-moorsee.de\/wp-content\/uploads\/2023\/09\/img_0165-1-768x511.jpg 768w, https:\/\/www.feuerwehr-moorsee.de\/wp-content\/uploads\/2023\/09\/img_0165-1-1536x1022.jpg 1536w, https:\/\/www.feuerwehr-moorsee.de\/wp-content\/uploads\/2023\/09\/img_0165-1-2048x1363.jpg 2048w\" sizes=\"auto, (max-width: 2560px) 100vw, 2560px\" \/><\/li>\n                <li style=\"display: none; width: 100%;\" class=\"slide-1216 ms-image \" aria-roledescription=\"slide\" data-date=\"2023-09-26 09:45:07\" data-filename=\"img_0162-1-scaled.jpg\" data-slide-type=\"image\"><img loading=\"lazy\" decoding=\"async\" width=\"2560\" height=\"1704\" src=\"https:\/\/www.feuerwehr-moorsee.de\/wp-content\/uploads\/2023\/09\/img_0162-1-scaled.jpg\" class=\"slider-1158 slide-1216 msDefaultImage\" alt=\"\" rel=\"\" title=\"img_0162-1.jpg\" srcset=\"https:\/\/www.feuerwehr-moorsee.de\/wp-content\/uploads\/2023\/09\/img_0162-1-scaled.jpg 2560w, https:\/\/www.feuerwehr-moorsee.de\/wp-content\/uploads\/2023\/09\/img_0162-1-300x200.jpg 300w, https:\/\/www.feuerwehr-moorsee.de\/wp-content\/uploads\/2023\/09\/img_0162-1-1024x682.jpg 1024w, https:\/\/www.feuerwehr-moorsee.de\/wp-content\/uploads\/2023\/09\/img_0162-1-768x511.jpg 768w, https:\/\/www.feuerwehr-moorsee.de\/wp-content\/uploads\/2023\/09\/img_0162-1-1536x1022.jpg 1536w, https:\/\/www.feuerwehr-moorsee.de\/wp-content\/uploads\/2023\/09\/img_0162-1-2048x1363.jpg 2048w\" sizes=\"auto, (max-width: 2560px) 100vw, 2560px\" \/><\/li>\n                <li style=\"display: none; width: 100%;\" class=\"slide-1217 ms-image \" aria-roledescription=\"slide\" data-date=\"2023-09-26 09:45:08\" data-filename=\"img_0164-1-scaled.jpg\" data-slide-type=\"image\"><img loading=\"lazy\" decoding=\"async\" width=\"2560\" height=\"1704\" src=\"https:\/\/www.feuerwehr-moorsee.de\/wp-content\/uploads\/2023\/09\/img_0164-1-scaled.jpg\" class=\"slider-1158 slide-1217 msDefaultImage\" alt=\"\" rel=\"\" title=\"img_0164-1.jpg\" srcset=\"https:\/\/www.feuerwehr-moorsee.de\/wp-content\/uploads\/2023\/09\/img_0164-1-scaled.jpg 2560w, https:\/\/www.feuerwehr-moorsee.de\/wp-content\/uploads\/2023\/09\/img_0164-1-300x200.jpg 300w, https:\/\/www.feuerwehr-moorsee.de\/wp-content\/uploads\/2023\/09\/img_0164-1-1024x682.jpg 1024w, https:\/\/www.feuerwehr-moorsee.de\/wp-content\/uploads\/2023\/09\/img_0164-1-768x511.jpg 768w, https:\/\/www.feuerwehr-moorsee.de\/wp-content\/uploads\/2023\/09\/img_0164-1-1536x1022.jpg 1536w, https:\/\/www.feuerwehr-moorsee.de\/wp-content\/uploads\/2023\/09\/img_0164-1-2048x1363.jpg 2048w\" sizes=\"auto, (max-width: 2560px) 100vw, 2560px\" \/><\/li>\n            <\/ul>\n        <\/div>\n        \n    <\/div>\n<\/div><\/div>\n\n\n\n<figure class=\"wp-block-table is-style-regular has-medium-font-size\"><table><tbody><tr><td>Fahrzeugart:<\/td><td>Hilfeleistungsl\u00f6schfahrzeug (HLF 10)<\/td><\/tr><tr><td>Funkrufname:<\/td><td>Florian Kiel 44\/48\/01<\/td><\/tr><tr><td>Fahrgestell:<\/td><td>Mercedes-Benz Atego<\/td><\/tr><tr><td>Hersteller:<\/td><td>Wiss<\/td><\/tr><tr><td>Indienststellung:<\/td><td>13.09.2023<\/td><\/tr><tr><td>Wassertank:<\/td><td>1600l<\/td><\/tr><tr><td>Pumpenleistung:<\/td><td>2000 l\/min<\/td><\/tr><tr><td>Besatzung:<\/td><td>1\/8 (9 Feuerwehrangeh\u00f6rige)<\/td><\/tr><\/tbody><\/table><\/figure>\n\n\n\n<p class=\"has-medium-font-size\">Unser Hilfeleistungsl\u00f6schfahrzeug 10 (HLF 10) ist das erst ausr\u00fcckende Einsatzfahrzeug im Falle eines Einsatzes. Es ist mit einem 1600 Liter Wassertank und einer fest eingebauten Fahrzeugpumpe ausgestattet, die 2000 Liter Wasser pro Minute f\u00f6rdern kann. <\/p>\n\n\n\n<p class=\"has-medium-font-size\">F\u00fcr Brandeins\u00e4tze haben wir verschiedene Materialien dabei: Wir f\u00fchren zum Beispiel B- bzw. C-Schl\u00e4uche, Hohlstrahlrohe, Schaummittel, ein Mehrzweckschaumrohr sowie vier Atemschutzger\u00e4te mit uns. Diese vier Atemschutzger\u00e4ten befinden sich innerhalb des Mannschaftsraums. Dadurch k\u00f6nnen sich zwei Trupps bereits w\u00e4hrend der Anfahrt mit Atemschutz ausr\u00fcsten. Des Weiteren haben wir einen Akku betriebenen L\u00fcfter, damit wir den Brandrauch aus den Brandh\u00e4usern heraus dr\u00fccken k\u00f6nnen.<\/p>\n\n\n\n<p class=\"has-medium-font-size\">Dar\u00fcber hinaus f\u00fchren wir Ger\u00e4tschaften f\u00fcr die technische Hilfeleistung mit uns. Wir haben unter anderem ein Notstromaggregat, einen Lichtmast und verschiedene (muskelkraft- und motorbetriebene) S\u00e4gen auf dem Fahrzeug. F\u00fcr Hochwasserlagen f\u00fchren wir u.a. eine tragbare Chiemseepumpe und einen Wassersauger mit uns. <\/p>\n\n\n\n<p class=\"has-medium-font-size\">F\u00fcr Verkehrsunf\u00e4lle haben wir einen gut ausgestatteten Erste-Hilfe-Rucksack und eine sogenannte Verkehrsunfallkiste. In dieser sind zum Beispiel ein Federk\u00f6rner und eine Glass\u00e4ge, mit denen wir bei Kraftfahrzeugen einen Erstzugang zur Rettung\/ medizinischen Versorgung erm\u00f6glichen k\u00f6nnen.&nbsp;Des Weiteren f\u00fchren auf dem HLF 10  u.a. Akku betriebene Schere und Spreizer und Materialien zum Stabilisieren und fixieren verunfallter Fahrzeuge mit uns. <br>F\u00fcr die Kommunikation mit der Einsatzleitstelle und an der Einsatzstelle nutzen wir Digitalfunkger\u00e4te.&nbsp;<\/p>\n","protected":false},"excerpt":{"rendered":"<p>Fahrzeugart: Hilfeleistungsl\u00f6schfahrzeug (HLF 10) Funkrufname: Florian Kiel 44\/48\/01 Fahrgestell: Mercedes-Benz Atego Hersteller: Wiss Indienststellung: 13.09.2023 Wassertank: 1600l Pumpenleistung: 2000 l\/min Besatzung: 1\/8 (9 Feuerwehrangeh\u00f6rige) Unser Hilfeleistungsl\u00f6schfahrzeug 10 (HLF 10) ist &#8230;<\/p>\n","protected":false},"author":2,"featured_media":1213,"parent":0,"menu_order":0,"comment_status":"closed","ping_status":"closed","template":"","meta":{"footnotes":""},"class_list":["post-1039","page","type-page","status-publish","has-post-thumbnail","hentry"],"_links":{"self":[{"href":"https:\/\/www.feuerwehr-moorsee.de\/index.php?rest_route=\/wp\/v2\/pages\/1039","targetHints":{"allow":["GET"]}}],"collection":[{"href":"https:\/\/www.feuerwehr-moorsee.de\/index.php?rest_route=\/wp\/v2\/pages"}],"about":[{"href":"https:\/\/www.feuerwehr-moorsee.de\/index.php?rest_route=\/wp\/v2\/types\/page"}],"author":[{"embeddable":true,"href":"https:\/\/www.feuerwehr-moorsee.de\/index.php?rest_route=\/wp\/v2\/users\/2"}],"replies":[{"embeddable":true,"href":"https:\/\/www.feuerwehr-moorsee.de\/index.php?rest_route=%2Fwp%2Fv2%2Fcomments&post=1039"}],"version-history":[{"count":11,"href":"https:\/\/www.feuerwehr-moorsee.de\/index.php?rest_route=\/wp\/v2\/pages\/1039\/revisions"}],"predecessor-version":[{"id":1221,"href":"https:\/\/www.feuerwehr-moorsee.de\/index.php?rest_route=\/wp\/v2\/pages\/1039\/revisions\/1221"}],"wp:featuredmedia":[{"embeddable":true,"href":"https:\/\/www.feuerwehr-moorsee.de\/index.php?rest_route=\/wp\/v2\/media\/1213"}],"wp:attachment":[{"href":"https:\/\/www.feuerwehr-moorsee.de\/index.php?rest_route=%2Fwp%2Fv2%2Fmedia&parent=1039"}],"curies":[{"name":"wp","href":"https:\/\/api.w.org\/{rel}","templated":true}]}}