{"id":368,"date":"2022-10-04T21:10:44","date_gmt":"2022-10-04T19:10:44","guid":{"rendered":"https:\/\/www.feuerwehr-moorsee.de\/?page_id=368"},"modified":"2025-02-20T10:37:57","modified_gmt":"2025-02-20T09:37:57","slug":"tlf-16-24-tr","status":"publish","type":"page","link":"https:\/\/www.feuerwehr-moorsee.de\/?page_id=368","title":{"rendered":"Tankl\u00f6schfahrzeug"},"content":{"rendered":"\n<figure class=\"wp-block-image size-large\"><img loading=\"lazy\" decoding=\"async\" width=\"1707\" height=\"2560\" src=\"https:\/\/www.feuerwehr-moorsee.de\/wp-content\/uploads\/2025\/02\/aczd9-rrjacsi5xjrslcmrtjusbibp-1-scaled.jpg\" alt=\"\" class=\"wp-image-1530\" srcset=\"https:\/\/www.feuerwehr-moorsee.de\/wp-content\/uploads\/2025\/02\/aczd9-rrjacsi5xjrslcmrtjusbibp-1-scaled.jpg 1707w, https:\/\/www.feuerwehr-moorsee.de\/wp-content\/uploads\/2025\/02\/aczd9-rrjacsi5xjrslcmrtjusbibp-1-200x300.jpg 200w, https:\/\/www.feuerwehr-moorsee.de\/wp-content\/uploads\/2025\/02\/aczd9-rrjacsi5xjrslcmrtjusbibp-1-683x1024.jpg 683w, https:\/\/www.feuerwehr-moorsee.de\/wp-content\/uploads\/2025\/02\/aczd9-rrjacsi5xjrslcmrtjusbibp-1-768x1152.jpg 768w, https:\/\/www.feuerwehr-moorsee.de\/wp-content\/uploads\/2025\/02\/aczd9-rrjacsi5xjrslcmrtjusbibp-1-1024x1536.jpg 1024w, https:\/\/www.feuerwehr-moorsee.de\/wp-content\/uploads\/2025\/02\/aczd9-rrjacsi5xjrslcmrtjusbibp-1-1365x2048.jpg 1365w\" sizes=\"auto, (max-width: 1707px) 100vw, 1707px\" \/><\/figure>\n\n\n\n<figure class=\"wp-block-table has-medium-font-size\"><table><tbody><tr><td>Fahrzeugart<\/td><td>Tankl\u00f6schfahrzeug 16\/24-Tr (TLF 16\/24-Tr)<\/td><\/tr><tr><td>Funkrufname<\/td><td>Florian Kiel 44\/20\/01<\/td><\/tr><tr><td>Fahrgestell<\/td><td>Mercedes-Benz 917 AF<\/td><\/tr><tr><td>Aufbau<\/td><td>Schlingmann<\/td><\/tr><tr><td>Indienststellung<\/td><td>24.10.1995<\/td><\/tr><tr><td>Wassertank<\/td><td>2400l<\/td><\/tr><tr><td>Pumpenleistung<\/td><td>1600 l\/min<\/td><\/tr><tr><td>Besatzung<\/td><td>1\/2 (3 Feuerwehrangeh\u00f6rige)<\/td><\/tr><\/tbody><\/table><\/figure>\n\n\n\n<p class=\"has-medium-font-size\">Unser Tankl\u00f6schfahrzeug ist immer das als zweites ausr\u00fcckende Einsatzfahrzeug. Es handelt sich um ein sogenanntes Truppfahrzeug. Abgesehen vom Maschinisten (Fahrzeugf\u00fchrer) haben nur zwei weitere Feuerwehrangeh\u00f6rige Platz auf dem Fahrzeug: der Angriffstrupp.<\/p>\n\n\n\n<p class=\"has-medium-font-size\">Das Tankl\u00f6schfahrzeug ist mit einem 2400 Liter Wassertank und einer festeingebauten Pumpe ausgestattet. Die Pumpe kann 1600 Liter pro Minute f\u00f6rdern.&nbsp;<\/p>\n\n\n\n<p class=\"has-medium-font-size\">Zur Wasserf\u00f6rderung\/ Wasserabgabe sind verschiedene Ger\u00e4tschaften verladen, wie zum Beispiel B- und C-Schl\u00e4uche sowie Hohl- und Merzweckstrahlrohre.&nbsp;<\/p>\n\n\n\n<p class=\"has-medium-font-size\">Des Weiteren befinden sich auf dem Fahrzeug noch zwei Atemschutzger\u00e4te.<\/p>\n\n\n\n<p class=\"has-medium-font-size\">F\u00fcr die leichte technische Hilfeleistung f\u00fchren wir unter anderem eine Tauchpumpe und durch Muskel- oder Motorkraft betriebene S\u00e4gen mit uns.<\/p>\n\n\n\n<p class=\"has-medium-font-size\">F\u00fcr die Kommunikation mit der Einsatzleitstelle und an der Einsatzstelle nutzen wir Digitalfunkger\u00e4te.&nbsp;<\/p>\n","protected":false},"excerpt":{"rendered":"<p>Fahrzeugart Tankl\u00f6schfahrzeug 16\/24-Tr (TLF 16\/24-Tr) Funkrufname Florian Kiel 44\/20\/01 Fahrgestell Mercedes-Benz 917 AF Aufbau Schlingmann Indienststellung 24.10.1995 Wassertank 2400l Pumpenleistung 1600 l\/min Besatzung 1\/2 (3 Feuerwehrangeh\u00f6rige) Unser Tankl\u00f6schfahrzeug ist immer &#8230;<\/p>\n","protected":false},"author":2,"featured_media":0,"parent":0,"menu_order":0,"comment_status":"closed","ping_status":"closed","template":"","meta":{"footnotes":""},"class_list":["post-368","page","type-page","status-publish","hentry"],"_links":{"self":[{"href":"https:\/\/www.feuerwehr-moorsee.de\/index.php?rest_route=\/wp\/v2\/pages\/368","targetHints":{"allow":["GET"]}}],"collection":[{"href":"https:\/\/www.feuerwehr-moorsee.de\/index.php?rest_route=\/wp\/v2\/pages"}],"about":[{"href":"https:\/\/www.feuerwehr-moorsee.de\/index.php?rest_route=\/wp\/v2\/types\/page"}],"author":[{"embeddable":true,"href":"https:\/\/www.feuerwehr-moorsee.de\/index.php?rest_route=\/wp\/v2\/users\/2"}],"replies":[{"embeddable":true,"href":"https:\/\/www.feuerwehr-moorsee.de\/index.php?rest_route=%2Fwp%2Fv2%2Fcomments&post=368"}],"version-history":[{"count":11,"href":"https:\/\/www.feuerwehr-moorsee.de\/index.php?rest_route=\/wp\/v2\/pages\/368\/revisions"}],"predecessor-version":[{"id":1534,"href":"https:\/\/www.feuerwehr-moorsee.de\/index.php?rest_route=\/wp\/v2\/pages\/368\/revisions\/1534"}],"wp:attachment":[{"href":"https:\/\/www.feuerwehr-moorsee.de\/index.php?rest_route=%2Fwp%2Fv2%2Fmedia&parent=368"}],"curies":[{"name":"wp","href":"https:\/\/api.w.org\/{rel}","templated":true}]}}