{"id":370,"date":"2022-10-04T21:13:38","date_gmt":"2022-10-04T19:13:38","guid":{"rendered":"https:\/\/www.feuerwehr-moorsee.de\/?page_id=370"},"modified":"2025-02-20T10:38:10","modified_gmt":"2025-02-20T09:38:10","slug":"mtw","status":"publish","type":"page","link":"https:\/\/www.feuerwehr-moorsee.de\/?page_id=370","title":{"rendered":"Mannschaftstransportfahrzeug"},"content":{"rendered":"\n<figure class=\"wp-block-image size-large\"><img loading=\"lazy\" decoding=\"async\" width=\"2560\" height=\"1707\" src=\"https:\/\/www.feuerwehr-moorsee.de\/wp-content\/uploads\/2025\/02\/m7edh-zftliuyvqge5yehodjahfagz-1-scaled.jpg\" alt=\"\" class=\"wp-image-1531\" srcset=\"https:\/\/www.feuerwehr-moorsee.de\/wp-content\/uploads\/2025\/02\/m7edh-zftliuyvqge5yehodjahfagz-1-scaled.jpg 2560w, https:\/\/www.feuerwehr-moorsee.de\/wp-content\/uploads\/2025\/02\/m7edh-zftliuyvqge5yehodjahfagz-1-300x200.jpg 300w, https:\/\/www.feuerwehr-moorsee.de\/wp-content\/uploads\/2025\/02\/m7edh-zftliuyvqge5yehodjahfagz-1-1024x683.jpg 1024w, https:\/\/www.feuerwehr-moorsee.de\/wp-content\/uploads\/2025\/02\/m7edh-zftliuyvqge5yehodjahfagz-1-768x512.jpg 768w, https:\/\/www.feuerwehr-moorsee.de\/wp-content\/uploads\/2025\/02\/m7edh-zftliuyvqge5yehodjahfagz-1-1536x1024.jpg 1536w, https:\/\/www.feuerwehr-moorsee.de\/wp-content\/uploads\/2025\/02\/m7edh-zftliuyvqge5yehodjahfagz-1-2048x1365.jpg 2048w\" sizes=\"auto, (max-width: 2560px) 100vw, 2560px\" \/><\/figure>\n\n\n\n<p><\/p>\n\n\n\n<figure class=\"wp-block-table has-medium-font-size\"><table><tbody><tr><td>Fahrzeugart<\/td><td>Mannschaftstransportfahrzeug (MTF)<\/td><\/tr><tr><td>Funkrufname<\/td><td>Florian Kiel 44\/18\/01<\/td><\/tr><tr><td>Fahrgestell<\/td><td>Ford Transit Custom<\/td><\/tr><tr><td>Aufbau<\/td><td>Matuczak<\/td><\/tr><tr><td>Indienststellung<\/td><td>20.08.2019<\/td><\/tr><tr><td>Besatzung<\/td><td>1\/7 (8 Feuerwehrangeh\u00f6rige)<\/td><\/tr><\/tbody><\/table><\/figure>\n\n\n\n<p class=\"has-medium-font-size\">Das Mannschaftstransportfahrzeug unserer Feuerwehr dient in erster Linie dem Transport von Feuerwehrangeh\u00f6rigen und Materialien zur Einsatzstelle.&nbsp;<\/p>\n\n\n\n<p class=\"has-medium-font-size\">Unsere Jugendfeuerwehr nutzt diesen ebenfalls f\u00fcr den Transport der Angeh\u00f6rigen unserer Jugendfeuerwehr. Mit dem Fahrzeug fahren sie unter anderem zu Wettk\u00e4mpfen und zu Sommerfahrten in Schleswig-Holstein und in ganz Deutschland.<\/p>\n","protected":false},"excerpt":{"rendered":"<p>Fahrzeugart Mannschaftstransportfahrzeug (MTF) Funkrufname Florian Kiel 44\/18\/01 Fahrgestell Ford Transit Custom Aufbau Matuczak Indienststellung 20.08.2019 Besatzung 1\/7 (8 Feuerwehrangeh\u00f6rige) Das Mannschaftstransportfahrzeug unserer Feuerwehr dient in erster Linie dem Transport von &#8230;<\/p>\n","protected":false},"author":2,"featured_media":0,"parent":0,"menu_order":0,"comment_status":"closed","ping_status":"closed","template":"","meta":{"footnotes":""},"class_list":["post-370","page","type-page","status-publish","hentry"],"_links":{"self":[{"href":"https:\/\/www.feuerwehr-moorsee.de\/index.php?rest_route=\/wp\/v2\/pages\/370","targetHints":{"allow":["GET"]}}],"collection":[{"href":"https:\/\/www.feuerwehr-moorsee.de\/index.php?rest_route=\/wp\/v2\/pages"}],"about":[{"href":"https:\/\/www.feuerwehr-moorsee.de\/index.php?rest_route=\/wp\/v2\/types\/page"}],"author":[{"embeddable":true,"href":"https:\/\/www.feuerwehr-moorsee.de\/index.php?rest_route=\/wp\/v2\/users\/2"}],"replies":[{"embeddable":true,"href":"https:\/\/www.feuerwehr-moorsee.de\/index.php?rest_route=%2Fwp%2Fv2%2Fcomments&post=370"}],"version-history":[{"count":6,"href":"https:\/\/www.feuerwehr-moorsee.de\/index.php?rest_route=\/wp\/v2\/pages\/370\/revisions"}],"predecessor-version":[{"id":1535,"href":"https:\/\/www.feuerwehr-moorsee.de\/index.php?rest_route=\/wp\/v2\/pages\/370\/revisions\/1535"}],"wp:attachment":[{"href":"https:\/\/www.feuerwehr-moorsee.de\/index.php?rest_route=%2Fwp%2Fv2%2Fmedia&parent=370"}],"curies":[{"name":"wp","href":"https:\/\/api.w.org\/{rel}","templated":true}]}}