{"id":380,"date":"2022-10-23T16:22:08","date_gmt":"2022-10-23T14:22:08","guid":{"rendered":"https:\/\/www.feuerwehr-moorsee.de\/?page_id=380"},"modified":"2026-03-21T19:31:21","modified_gmt":"2026-03-21T18:31:21","slug":"vorstand","status":"publish","type":"page","link":"https:\/\/www.feuerwehr-moorsee.de\/?page_id=380","title":{"rendered":"Vorstand"},"content":{"rendered":"\n<p class=\"has-medium-font-size\">Der Vorstand der Freiwilligen Feuerwehr wird auf der Jahreshauptversammlung von den aktiven Mitgliedern unserer Feuerwehr gew\u00e4hlt. Eine Wahlperiode betr\u00e4gt 6 Jahre. Unser Vorstand besteht aus den unten aufgef\u00fchrten Personen.<\/p>\n\n\n\n<div class=\"wp-block-media-text alignwide has-media-on-the-right is-stacked-on-mobile\" style=\"grid-template-columns:auto 30%\"><div class=\"wp-block-media-text__content\">\n<p class=\"has-medium-font-size\" style=\"text-decoration:underline\">Ortswehrf\u00fchrer:<\/p>\n\n\n\n<p class=\"has-medium-font-size\">Julian Koch, BM<\/p>\n<\/div><figure class=\"wp-block-media-text__media\"><img loading=\"lazy\" decoding=\"async\" width=\"683\" height=\"1024\" src=\"https:\/\/www.feuerwehr-moorsee.de\/wp-content\/uploads\/2023\/01\/img_8249-683x1024.jpg\" alt=\"\" class=\"wp-image-714 size-large\" srcset=\"https:\/\/www.feuerwehr-moorsee.de\/wp-content\/uploads\/2023\/01\/img_8249-683x1024.jpg 683w, https:\/\/www.feuerwehr-moorsee.de\/wp-content\/uploads\/2023\/01\/img_8249-200x300.jpg 200w, https:\/\/www.feuerwehr-moorsee.de\/wp-content\/uploads\/2023\/01\/img_8249-768x1152.jpg 768w, https:\/\/www.feuerwehr-moorsee.de\/wp-content\/uploads\/2023\/01\/img_8249-1024x1536.jpg 1024w, https:\/\/www.feuerwehr-moorsee.de\/wp-content\/uploads\/2023\/01\/img_8249-1365x2048.jpg 1365w, https:\/\/www.feuerwehr-moorsee.de\/wp-content\/uploads\/2023\/01\/img_8249-scaled.jpg 1707w\" sizes=\"auto, (max-width: 683px) 100vw, 683px\" \/><\/figure><\/div>\n\n\n\n<p><\/p>\n\n\n\n<div class=\"wp-block-media-text alignwide has-media-on-the-right is-stacked-on-mobile\" style=\"grid-template-columns:auto 30%\"><div class=\"wp-block-media-text__content\">\n<p class=\"has-medium-font-size\" style=\"text-decoration:underline\">Stellvertretender Ortswehrf\u00fchrer:<\/p>\n\n\n\n<p class=\"has-medium-font-size\">Hannes Jebe, HLM<\/p>\n<\/div><figure class=\"wp-block-media-text__media\"><img loading=\"lazy\" decoding=\"async\" width=\"683\" height=\"1024\" src=\"https:\/\/www.feuerwehr-moorsee.de\/wp-content\/uploads\/2023\/01\/img_8252-683x1024.jpg\" alt=\"\" class=\"wp-image-720 size-full\" srcset=\"https:\/\/www.feuerwehr-moorsee.de\/wp-content\/uploads\/2023\/01\/img_8252-683x1024.jpg 683w, https:\/\/www.feuerwehr-moorsee.de\/wp-content\/uploads\/2023\/01\/img_8252-200x300.jpg 200w, https:\/\/www.feuerwehr-moorsee.de\/wp-content\/uploads\/2023\/01\/img_8252-768x1152.jpg 768w, https:\/\/www.feuerwehr-moorsee.de\/wp-content\/uploads\/2023\/01\/img_8252-1024x1536.jpg 1024w, https:\/\/www.feuerwehr-moorsee.de\/wp-content\/uploads\/2023\/01\/img_8252-1365x2048.jpg 1365w, https:\/\/www.feuerwehr-moorsee.de\/wp-content\/uploads\/2023\/01\/img_8252-scaled.jpg 1707w\" sizes=\"auto, (max-width: 683px) 100vw, 683px\" \/><\/figure><\/div>\n\n\n\n<p><\/p>\n\n\n\n<div class=\"wp-block-media-text alignwide has-media-on-the-right is-stacked-on-mobile\" style=\"grid-template-columns:auto 30%\"><div class=\"wp-block-media-text__content\">\n<p class=\"has-medium-font-size\" style=\"text-decoration:underline\">Jugendwartin:<\/p>\n\n\n\n<p class=\"has-medium-font-size\">Miriam Ni\u00df, OLM\u00b4in<\/p>\n<\/div><figure class=\"wp-block-media-text__media\"><img loading=\"lazy\" decoding=\"async\" width=\"683\" height=\"1024\" src=\"https:\/\/www.feuerwehr-moorsee.de\/wp-content\/uploads\/2023\/01\/img_8272-683x1024.jpg\" alt=\"\" class=\"wp-image-712 size-full\" srcset=\"https:\/\/www.feuerwehr-moorsee.de\/wp-content\/uploads\/2023\/01\/img_8272-683x1024.jpg 683w, https:\/\/www.feuerwehr-moorsee.de\/wp-content\/uploads\/2023\/01\/img_8272-200x300.jpg 200w, https:\/\/www.feuerwehr-moorsee.de\/wp-content\/uploads\/2023\/01\/img_8272-768x1152.jpg 768w, https:\/\/www.feuerwehr-moorsee.de\/wp-content\/uploads\/2023\/01\/img_8272-1024x1536.jpg 1024w, https:\/\/www.feuerwehr-moorsee.de\/wp-content\/uploads\/2023\/01\/img_8272-1365x2048.jpg 1365w, https:\/\/www.feuerwehr-moorsee.de\/wp-content\/uploads\/2023\/01\/img_8272-scaled.jpg 1707w\" sizes=\"auto, (max-width: 683px) 100vw, 683px\" \/><\/figure><\/div>\n\n\n\n<p><\/p>\n\n\n\n<div class=\"wp-block-media-text alignwide has-media-on-the-right is-stacked-on-mobile\" style=\"grid-template-columns:auto 30%\"><div class=\"wp-block-media-text__content\">\n<p class=\"has-medium-font-size\" style=\"text-decoration:underline\">Gruppenf\u00fchrer:<\/p>\n\n\n\n<p class=\"has-medium-font-size\">Thies Aderhold, HLM<\/p>\n<\/div><figure class=\"wp-block-media-text__media\"><img loading=\"lazy\" decoding=\"async\" width=\"683\" height=\"1024\" src=\"https:\/\/www.feuerwehr-moorsee.de\/wp-content\/uploads\/2023\/01\/img_8253-683x1024.jpg\" alt=\"\" class=\"wp-image-722 size-large\" srcset=\"https:\/\/www.feuerwehr-moorsee.de\/wp-content\/uploads\/2023\/01\/img_8253-683x1024.jpg 683w, https:\/\/www.feuerwehr-moorsee.de\/wp-content\/uploads\/2023\/01\/img_8253-200x300.jpg 200w, https:\/\/www.feuerwehr-moorsee.de\/wp-content\/uploads\/2023\/01\/img_8253-768x1152.jpg 768w, https:\/\/www.feuerwehr-moorsee.de\/wp-content\/uploads\/2023\/01\/img_8253-1024x1536.jpg 1024w, https:\/\/www.feuerwehr-moorsee.de\/wp-content\/uploads\/2023\/01\/img_8253-1365x2048.jpg 1365w, https:\/\/www.feuerwehr-moorsee.de\/wp-content\/uploads\/2023\/01\/img_8253-scaled.jpg 1707w\" sizes=\"auto, (max-width: 683px) 100vw, 683px\" \/><\/figure><\/div>\n\n\n\n<p><\/p>\n\n\n\n<div class=\"wp-block-media-text alignwide has-media-on-the-right is-stacked-on-mobile\" style=\"grid-template-columns:auto 30%\"><div class=\"wp-block-media-text__content\">\n<p class=\"has-medium-font-size\" style=\"text-decoration:underline\">Gruppenf\u00fchrerin:<\/p>\n\n\n\n<p class=\"has-medium-font-size\">Annika Gusella, HFF<\/p>\n<\/div><figure class=\"wp-block-media-text__media\"><img loading=\"lazy\" decoding=\"async\" width=\"634\" height=\"1024\" src=\"https:\/\/www.feuerwehr-moorsee.de\/wp-content\/uploads\/2026\/03\/IMG_0797-scaled-e1774117743412-634x1024.jpeg\" alt=\"\" class=\"wp-image-1870 size-full\" srcset=\"https:\/\/www.feuerwehr-moorsee.de\/wp-content\/uploads\/2026\/03\/IMG_0797-scaled-e1774117743412-634x1024.jpeg 634w, https:\/\/www.feuerwehr-moorsee.de\/wp-content\/uploads\/2026\/03\/IMG_0797-scaled-e1774117743412-186x300.jpeg 186w, https:\/\/www.feuerwehr-moorsee.de\/wp-content\/uploads\/2026\/03\/IMG_0797-scaled-e1774117743412-768x1240.jpeg 768w, https:\/\/www.feuerwehr-moorsee.de\/wp-content\/uploads\/2026\/03\/IMG_0797-scaled-e1774117743412-952x1536.jpeg 952w, https:\/\/www.feuerwehr-moorsee.de\/wp-content\/uploads\/2026\/03\/IMG_0797-scaled-e1774117743412-1269x2048.jpeg 1269w, https:\/\/www.feuerwehr-moorsee.de\/wp-content\/uploads\/2026\/03\/IMG_0797-scaled-e1774117743412.jpeg 1425w\" sizes=\"auto, (max-width: 634px) 100vw, 634px\" \/><\/figure><\/div>\n\n\n\n<p><\/p>\n\n\n\n<div class=\"wp-block-media-text alignwide has-media-on-the-right is-stacked-on-mobile\" style=\"grid-template-columns:auto 30%\"><div class=\"wp-block-media-text__content\">\n<p class=\"has-medium-font-size\" style=\"text-decoration:underline\">Schriftwart:<\/p>\n\n\n\n<p class=\"has-medium-font-size\">Thorsten Hanssen, LM<\/p>\n<\/div><figure class=\"wp-block-media-text__media\"><img loading=\"lazy\" decoding=\"async\" width=\"683\" height=\"1024\" src=\"https:\/\/www.feuerwehr-moorsee.de\/wp-content\/uploads\/2023\/01\/img_8255-683x1024.jpg\" alt=\"\" class=\"wp-image-717 size-full\" srcset=\"https:\/\/www.feuerwehr-moorsee.de\/wp-content\/uploads\/2023\/01\/img_8255-683x1024.jpg 683w, https:\/\/www.feuerwehr-moorsee.de\/wp-content\/uploads\/2023\/01\/img_8255-200x300.jpg 200w, https:\/\/www.feuerwehr-moorsee.de\/wp-content\/uploads\/2023\/01\/img_8255-768x1152.jpg 768w, https:\/\/www.feuerwehr-moorsee.de\/wp-content\/uploads\/2023\/01\/img_8255-1024x1536.jpg 1024w, https:\/\/www.feuerwehr-moorsee.de\/wp-content\/uploads\/2023\/01\/img_8255-1365x2048.jpg 1365w, https:\/\/www.feuerwehr-moorsee.de\/wp-content\/uploads\/2023\/01\/img_8255-scaled.jpg 1707w\" sizes=\"auto, (max-width: 683px) 100vw, 683px\" \/><\/figure><\/div>\n\n\n\n<p><\/p>\n\n\n\n<p><\/p>\n\n\n\n<div class=\"wp-block-media-text alignwide has-media-on-the-right is-stacked-on-mobile\" style=\"grid-template-columns:auto 30%\"><div class=\"wp-block-media-text__content\">\n<p class=\"has-medium-font-size\" style=\"text-decoration:underline\">Hauptger\u00e4tewart:<\/p>\n\n\n\n<p class=\"has-medium-font-size\">Volker Bluhm, LM<\/p>\n<\/div><figure class=\"wp-block-media-text__media\"><img loading=\"lazy\" decoding=\"async\" width=\"683\" height=\"1024\" src=\"https:\/\/www.feuerwehr-moorsee.de\/wp-content\/uploads\/2023\/01\/img_8273-683x1024.jpg\" alt=\"\" class=\"wp-image-716 size-full\" srcset=\"https:\/\/www.feuerwehr-moorsee.de\/wp-content\/uploads\/2023\/01\/img_8273-683x1024.jpg 683w, https:\/\/www.feuerwehr-moorsee.de\/wp-content\/uploads\/2023\/01\/img_8273-200x300.jpg 200w, https:\/\/www.feuerwehr-moorsee.de\/wp-content\/uploads\/2023\/01\/img_8273-768x1152.jpg 768w, https:\/\/www.feuerwehr-moorsee.de\/wp-content\/uploads\/2023\/01\/img_8273-1024x1536.jpg 1024w, https:\/\/www.feuerwehr-moorsee.de\/wp-content\/uploads\/2023\/01\/img_8273-1365x2048.jpg 1365w, https:\/\/www.feuerwehr-moorsee.de\/wp-content\/uploads\/2023\/01\/img_8273-scaled.jpg 1707w\" sizes=\"auto, (max-width: 683px) 100vw, 683px\" \/><\/figure><\/div>\n\n\n\n<div class=\"wp-block-media-text has-media-on-the-right is-stacked-on-mobile\"><div class=\"wp-block-media-text__content\">\n<p class=\"has-medium-font-size\"><span style=\"text-decoration: underline;\">Kassenwart:<\/span><\/p>\n\n\n\n<p class=\"has-medium-font-size\">Sven Niemand, LM<\/p>\n<\/div><figure class=\"wp-block-media-text__media\"><img loading=\"lazy\" decoding=\"async\" width=\"1024\" height=\"230\" src=\"https:\/\/www.feuerwehr-moorsee.de\/wp-content\/uploads\/2024\/05\/cropped-img_1510-1-1024x230.jpg\" alt=\"\" class=\"wp-image-1412 size-full\" srcset=\"https:\/\/www.feuerwehr-moorsee.de\/wp-content\/uploads\/2024\/05\/cropped-img_1510-1-1024x230.jpg 1024w, https:\/\/www.feuerwehr-moorsee.de\/wp-content\/uploads\/2024\/05\/cropped-img_1510-1-300x67.jpg 300w, https:\/\/www.feuerwehr-moorsee.de\/wp-content\/uploads\/2024\/05\/cropped-img_1510-1-768x172.jpg 768w, https:\/\/www.feuerwehr-moorsee.de\/wp-content\/uploads\/2024\/05\/cropped-img_1510-1-1536x345.jpg 1536w, https:\/\/www.feuerwehr-moorsee.de\/wp-content\/uploads\/2024\/05\/cropped-img_1510-1-2048x459.jpg 2048w\" sizes=\"auto, (max-width: 1024px) 100vw, 1024px\" \/><\/figure><\/div>\n\n\n\n<p><\/p>\n","protected":false},"excerpt":{"rendered":"<p>Der Vorstand der Freiwilligen Feuerwehr wird auf der Jahreshauptversammlung von den aktiven Mitgliedern unserer Feuerwehr gew\u00e4hlt. Eine Wahlperiode betr\u00e4gt 6 Jahre. Unser Vorstand besteht aus den unten aufgef\u00fchrten Personen. Ortswehrf\u00fchrer: &#8230;<\/p>\n","protected":false},"author":2,"featured_media":0,"parent":0,"menu_order":0,"comment_status":"closed","ping_status":"closed","template":"","meta":{"footnotes":""},"class_list":["post-380","page","type-page","status-publish","hentry"],"_links":{"self":[{"href":"https:\/\/www.feuerwehr-moorsee.de\/index.php?rest_route=\/wp\/v2\/pages\/380","targetHints":{"allow":["GET"]}}],"collection":[{"href":"https:\/\/www.feuerwehr-moorsee.de\/index.php?rest_route=\/wp\/v2\/pages"}],"about":[{"href":"https:\/\/www.feuerwehr-moorsee.de\/index.php?rest_route=\/wp\/v2\/types\/page"}],"author":[{"embeddable":true,"href":"https:\/\/www.feuerwehr-moorsee.de\/index.php?rest_route=\/wp\/v2\/users\/2"}],"replies":[{"embeddable":true,"href":"https:\/\/www.feuerwehr-moorsee.de\/index.php?rest_route=%2Fwp%2Fv2%2Fcomments&post=380"}],"version-history":[{"count":30,"href":"https:\/\/www.feuerwehr-moorsee.de\/index.php?rest_route=\/wp\/v2\/pages\/380\/revisions"}],"predecessor-version":[{"id":1872,"href":"https:\/\/www.feuerwehr-moorsee.de\/index.php?rest_route=\/wp\/v2\/pages\/380\/revisions\/1872"}],"wp:attachment":[{"href":"https:\/\/www.feuerwehr-moorsee.de\/index.php?rest_route=%2Fwp%2Fv2%2Fmedia&parent=380"}],"curies":[{"name":"wp","href":"https:\/\/api.w.org\/{rel}","templated":true}]}}