{"id":384,"date":"2022-10-23T14:22:32","date_gmt":"2022-10-23T14:22:32","guid":{"rendered":"https:\/\/www.feuerwehr-moorsee.de\/?page_id=384"},"modified":"2023-02-10T16:12:07","modified_gmt":"2023-02-10T15:12:07","slug":"einsatzgebiet","status":"publish","type":"page","link":"https:\/\/www.feuerwehr-moorsee.de\/?page_id=384","title":{"rendered":"Einsatzgebiet"},"content":{"rendered":"\n<p class=\"has-medium-font-size\">Wir sind als Freiwillige Feuerwehr Kiel-Moorsee u.a. f\u00fcr den Brandschutz und die technische Hilfeleistung in unserem Stadtteil Kiel-Moorsee zust\u00e4ndig.<\/p>\n\n\n\n<p class=\"has-medium-font-size\">Zu diesem Stadtteil geh\u00f6ren die D\u00f6rfer Moorsee und Schl\u00fcsbek, der Ortsteil Poppenbr\u00fcgge, und Teile Kronsburgs. Dar\u00fcber hinaus liegen Bereiche des Neubaugebietes Neu-Meimersdorf sowie Teile des Industriegebietes Wellsee in unserem Stadtteil.<\/p>\n\n\n\n<p class=\"has-medium-font-size\">Der Stadtteil Kiel-Moorsee geh\u00f6rte bis zum Jahr 1970 zum Kreis Pl\u00f6n und wurde im selben Jahr in die Stadt Kiel eingemeindet und ist seitdem der s\u00fcdlichste Stadtteil in Kiel.<\/p>\n\n\n\n<p class=\"has-medium-font-size\">Die Fl\u00e4che unseres Stadtteils und somit unseres Einsatzgebietes betr\u00e4gt ca. 5,5 km2. Hier leben ca. 2168 Einwohner (stand 31.12.2021).<\/p>\n\n\n\n<p class=\"has-medium-font-size\">In unserem Einsatzgebiet liegen somit u.a. das Druckzentrum der Kieler Nachrichten, der Famila Markt in Neu-Meimersdorf und die darum liegenden Wohn- und Gewerbegebiete. Ein Streckenabschnitt der Bundesstra\u00dfe 404 (B 404) befindet sich ebenfalls in unserer Zust\u00e4ndigkeit.<\/p>\n\n\n\n<p class=\"has-medium-font-size\">Dar\u00fcber hinaus r\u00fccken wir, aufgrund einer gemeinsamen Alarmierung mit der Freiwilligen Feuerwehr Kiel-R\u00f6nne, in deren Einsatzgebiet aus. Unsere Zust\u00e4ndigkeit erweitert sich dadurch ebenfalls auf den Stadtteil Kiel-R\u00f6nne.<\/p>\n\n\n\n<p class=\"has-medium-font-size\">Bei gr\u00f6\u00dfere Einsatzlagen im Stadtgebiet unterst\u00fctzen wir die Berufsfeuerwehr und die anderen Freiwilligen Feuerwehren in den restlichen Stadtteilen der Landeshauptstadt.<\/p>\n\n\n\n<p class=\"has-medium-font-size\">Unseren Zust\u00e4ndigkeitsbereich k\u00f6nnt ihr euch in der unten angezeigten interaktiven Karte anschauen. Zu sehen ist das Stadtgebiet der Landeshauptstadt Kiel (schwarz umrandet), unser prim\u00e4res Einsatzgebiet (dunkel rot) sowie unser nachgeordneter Ausr\u00fcckebereich, das Einsatzgebiet der FF Kiel-R\u00f6nne (hellrot).<\/p>\n\n\n\n<iframe loading=\"lazy\" src=\"https:\/\/www.google.com\/maps\/d\/embed?mid=1aaYSztHu8yNpItze30LQfzUwaXx6jx0&amp;ehbc=2E312F\" width=\"640\" height=\"480\"><\/iframe>\n","protected":false},"excerpt":{"rendered":"<p>Wir sind als Freiwillige Feuerwehr Kiel-Moorsee u.a. f\u00fcr den Brandschutz und die technische Hilfeleistung in unserem Stadtteil Kiel-Moorsee zust\u00e4ndig. Zu diesem Stadtteil geh\u00f6ren die D\u00f6rfer Moorsee und Schl\u00fcsbek, der Ortsteil &#8230;<\/p>\n","protected":false},"author":2,"featured_media":0,"parent":0,"menu_order":0,"comment_status":"closed","ping_status":"closed","template":"","meta":{"footnotes":""},"class_list":["post-384","page","type-page","status-publish","hentry"],"_links":{"self":[{"href":"https:\/\/www.feuerwehr-moorsee.de\/index.php?rest_route=\/wp\/v2\/pages\/384","targetHints":{"allow":["GET"]}}],"collection":[{"href":"https:\/\/www.feuerwehr-moorsee.de\/index.php?rest_route=\/wp\/v2\/pages"}],"about":[{"href":"https:\/\/www.feuerwehr-moorsee.de\/index.php?rest_route=\/wp\/v2\/types\/page"}],"author":[{"embeddable":true,"href":"https:\/\/www.feuerwehr-moorsee.de\/index.php?rest_route=\/wp\/v2\/users\/2"}],"replies":[{"embeddable":true,"href":"https:\/\/www.feuerwehr-moorsee.de\/index.php?rest_route=%2Fwp%2Fv2%2Fcomments&post=384"}],"version-history":[{"count":6,"href":"https:\/\/www.feuerwehr-moorsee.de\/index.php?rest_route=\/wp\/v2\/pages\/384\/revisions"}],"predecessor-version":[{"id":797,"href":"https:\/\/www.feuerwehr-moorsee.de\/index.php?rest_route=\/wp\/v2\/pages\/384\/revisions\/797"}],"wp:attachment":[{"href":"https:\/\/www.feuerwehr-moorsee.de\/index.php?rest_route=%2Fwp%2Fv2%2Fmedia&parent=384"}],"curies":[{"name":"wp","href":"https:\/\/api.w.org\/{rel}","templated":true}]}}