{"id":399,"date":"2022-10-23T16:29:44","date_gmt":"2022-10-23T14:29:44","guid":{"rendered":"https:\/\/www.feuerwehr-moorsee.de\/?page_id=399"},"modified":"2026-03-22T19:13:43","modified_gmt":"2026-03-22T18:13:43","slug":"vorstand-2","status":"publish","type":"page","link":"https:\/\/www.feuerwehr-moorsee.de\/?page_id=399","title":{"rendered":"Jugendausschuss"},"content":{"rendered":"\n<figure class=\"wp-block-image size-large\"><img loading=\"lazy\" decoding=\"async\" width=\"1024\" height=\"683\" src=\"https:\/\/www.feuerwehr-moorsee.de\/wp-content\/uploads\/2022\/12\/Jugendfeuerwehr-Kinder-1024x683.jpg\" alt=\"\" class=\"wp-image-479\" srcset=\"https:\/\/www.feuerwehr-moorsee.de\/wp-content\/uploads\/2022\/12\/Jugendfeuerwehr-Kinder-1024x683.jpg 1024w, https:\/\/www.feuerwehr-moorsee.de\/wp-content\/uploads\/2022\/12\/Jugendfeuerwehr-Kinder-300x200.jpg 300w, https:\/\/www.feuerwehr-moorsee.de\/wp-content\/uploads\/2022\/12\/Jugendfeuerwehr-Kinder-768x512.jpg 768w, https:\/\/www.feuerwehr-moorsee.de\/wp-content\/uploads\/2022\/12\/Jugendfeuerwehr-Kinder-1536x1024.jpg 1536w, https:\/\/www.feuerwehr-moorsee.de\/wp-content\/uploads\/2022\/12\/Jugendfeuerwehr-Kinder-2048x1365.jpg 2048w\" sizes=\"auto, (max-width: 1024px) 100vw, 1024px\" \/><\/figure>\n\n\n\n<p><\/p>\n\n\n\n<p class=\"has-medium-font-size\">Das ist der gew\u00e4hlte Jugendausschuss unserer Jugendfeuerwehr. Dieser setzt sich aus dem Jugendgruppenleiter Jan, dem 1. Gruppenf\u00fchrer Luis, dem 2. Gruppenf\u00fchrer Elias, dem Schriftwart Kurt und der Kassenwartin Leia zusammen. Der Jugendfeuerwehrausschuss ist f\u00fcr alle Angelegenheiten in Jugendfeuerwehr zust\u00e4ndig, f\u00fchrt die eigene Gruppe bei den \u00dcbungen und dient als Ansprechperson der Jugendlichen.&nbsp;<\/p>\n\n\n\n<p><\/p>\n\n\n\n<div class=\"wp-block-media-text alignwide is-stacked-on-mobile\"><figure class=\"wp-block-media-text__media\"><img loading=\"lazy\" decoding=\"async\" width=\"768\" height=\"1024\" src=\"https:\/\/www.feuerwehr-moorsee.de\/wp-content\/uploads\/2024\/02\/img_0824-768x1024.jpg\" alt=\"\" class=\"wp-image-1336 size-full\" srcset=\"https:\/\/www.feuerwehr-moorsee.de\/wp-content\/uploads\/2024\/02\/img_0824-768x1024.jpg 768w, https:\/\/www.feuerwehr-moorsee.de\/wp-content\/uploads\/2024\/02\/img_0824-225x300.jpg 225w, https:\/\/www.feuerwehr-moorsee.de\/wp-content\/uploads\/2024\/02\/img_0824-1152x1536.jpg 1152w, https:\/\/www.feuerwehr-moorsee.de\/wp-content\/uploads\/2024\/02\/img_0824-1536x2048.jpg 1536w, https:\/\/www.feuerwehr-moorsee.de\/wp-content\/uploads\/2024\/02\/img_0824-scaled.jpg 1920w\" sizes=\"auto, (max-width: 768px) 100vw, 768px\" \/><\/figure><div class=\"wp-block-media-text__content\">\n<p class=\"has-medium-font-size\">Jugendgruppenleiter:<\/p>\n\n\n\n<p class=\"has-medium-font-size\">Name: Elias<\/p>\n\n\n\n<p class=\"has-medium-font-size\">Alter: 16<\/p>\n\n\n\n<p class=\"has-medium-font-size\">Hobbys: Jugendfeuerwehr<\/p>\n\n\n\n<p class=\"has-medium-font-size\">Aufgaben: F\u00fchrt die Jugendfeuerwehr\/ Ansprechpartner innerhalb der Jugendfeuerwehr<\/p>\n<\/div><\/div>\n\n\n\n<p><\/p>\n\n\n\n<div class=\"wp-block-media-text alignwide is-stacked-on-mobile\"><figure class=\"wp-block-media-text__media\"><img loading=\"lazy\" decoding=\"async\" width=\"1024\" height=\"230\" src=\"https:\/\/www.feuerwehr-moorsee.de\/wp-content\/uploads\/2024\/05\/cropped-img_1510-1-1024x230.jpg\" alt=\"\" class=\"wp-image-1412 size-full\" srcset=\"https:\/\/www.feuerwehr-moorsee.de\/wp-content\/uploads\/2024\/05\/cropped-img_1510-1-1024x230.jpg 1024w, https:\/\/www.feuerwehr-moorsee.de\/wp-content\/uploads\/2024\/05\/cropped-img_1510-1-300x67.jpg 300w, https:\/\/www.feuerwehr-moorsee.de\/wp-content\/uploads\/2024\/05\/cropped-img_1510-1-768x172.jpg 768w, https:\/\/www.feuerwehr-moorsee.de\/wp-content\/uploads\/2024\/05\/cropped-img_1510-1-1536x345.jpg 1536w, https:\/\/www.feuerwehr-moorsee.de\/wp-content\/uploads\/2024\/05\/cropped-img_1510-1-2048x459.jpg 2048w\" sizes=\"auto, (max-width: 1024px) 100vw, 1024px\" \/><\/figure><div class=\"wp-block-media-text__content\">\n<p class=\"has-medium-font-size\" style=\"text-decoration:underline\">1. Gruppenf\u00fchrer:<\/p>\n\n\n\n<p class=\"has-medium-font-size\">Name: Luis P.<\/p>\n\n\n\n<p class=\"has-medium-font-size\">Alter: 16<\/p>\n\n\n\n<p class=\"has-medium-font-size\">Hobbys: Jugendfeuerwehr<\/p>\n\n\n\n<p class=\"has-medium-font-size\">Aufgaben: Die Gruppe im \u00dcbungsdienst f\u00fchren und die \u00dcbungseins\u00e4tze koordinieren.<\/p>\n<\/div><\/div>\n\n\n\n<p><\/p>\n\n\n\n<div class=\"wp-block-media-text alignwide is-stacked-on-mobile\"><figure class=\"wp-block-media-text__media\"><img loading=\"lazy\" decoding=\"async\" width=\"1024\" height=\"230\" src=\"https:\/\/www.feuerwehr-moorsee.de\/wp-content\/uploads\/2024\/05\/cropped-img_1510-1-1024x230.jpg\" alt=\"\" class=\"wp-image-1412 size-full\" srcset=\"https:\/\/www.feuerwehr-moorsee.de\/wp-content\/uploads\/2024\/05\/cropped-img_1510-1-1024x230.jpg 1024w, https:\/\/www.feuerwehr-moorsee.de\/wp-content\/uploads\/2024\/05\/cropped-img_1510-1-300x67.jpg 300w, https:\/\/www.feuerwehr-moorsee.de\/wp-content\/uploads\/2024\/05\/cropped-img_1510-1-768x172.jpg 768w, https:\/\/www.feuerwehr-moorsee.de\/wp-content\/uploads\/2024\/05\/cropped-img_1510-1-1536x345.jpg 1536w, https:\/\/www.feuerwehr-moorsee.de\/wp-content\/uploads\/2024\/05\/cropped-img_1510-1-2048x459.jpg 2048w\" sizes=\"auto, (max-width: 1024px) 100vw, 1024px\" \/><\/figure><div class=\"wp-block-media-text__content\">\n<p class=\"has-medium-font-size\" style=\"text-decoration:underline\">2. Gruppenf\u00fchrer:<\/p>\n\n\n\n<p class=\"has-medium-font-size\">Name: Bosse<\/p>\n\n\n\n<p class=\"has-medium-font-size\">Alter: 15<\/p>\n\n\n\n<p class=\"has-medium-font-size\">Hobbys: Jugendfeuerwehr<\/p>\n\n\n\n<p class=\"has-medium-font-size\">Aufgaben: Die Gruppe im \u00dcbungsdienst f\u00fchren und die \u00dcbungseins\u00e4tze koordinieren.<\/p>\n<\/div><\/div>\n\n\n\n<p><\/p>\n\n\n\n<div class=\"wp-block-media-text alignwide is-stacked-on-mobile\"><figure class=\"wp-block-media-text__media\"><img loading=\"lazy\" decoding=\"async\" width=\"1024\" height=\"536\" src=\"https:\/\/www.feuerwehr-moorsee.de\/wp-content\/uploads\/2023\/01\/cropped-9f7369fa-6da2-47b5-929c-daa53a06d35e-1.jpg\" alt=\"\" class=\"wp-image-809 size-full\" srcset=\"https:\/\/www.feuerwehr-moorsee.de\/wp-content\/uploads\/2023\/01\/cropped-9f7369fa-6da2-47b5-929c-daa53a06d35e-1.jpg 1024w, https:\/\/www.feuerwehr-moorsee.de\/wp-content\/uploads\/2023\/01\/cropped-9f7369fa-6da2-47b5-929c-daa53a06d35e-1-300x157.jpg 300w, https:\/\/www.feuerwehr-moorsee.de\/wp-content\/uploads\/2023\/01\/cropped-9f7369fa-6da2-47b5-929c-daa53a06d35e-1-768x402.jpg 768w\" sizes=\"auto, (max-width: 1024px) 100vw, 1024px\" \/><\/figure><div class=\"wp-block-media-text__content\">\n<p class=\"has-medium-font-size\" style=\"text-decoration:underline\">Schriftwart:<\/p>\n\n\n\n<p class=\"has-medium-font-size\">Name: <\/p>\n\n\n\n<p class=\"has-medium-font-size\">Alter: <\/p>\n\n\n\n<p class=\"has-medium-font-size\">Hobbys: Jugendfeuerwehr <\/p>\n\n\n\n<p class=\"has-medium-font-size\">Aufgaben: Dienstbuch f\u00fchren Jahresbericht schreiben und vortragen <\/p>\n<\/div><\/div>\n\n\n\n<p><\/p>\n\n\n\n<div class=\"wp-block-media-text alignwide is-stacked-on-mobile\"><figure class=\"wp-block-media-text__media\"><img loading=\"lazy\" decoding=\"async\" width=\"768\" height=\"1024\" src=\"https:\/\/www.feuerwehr-moorsee.de\/wp-content\/uploads\/2024\/02\/img_0820-768x1024.jpg\" alt=\"\" class=\"wp-image-1338 size-full\" srcset=\"https:\/\/www.feuerwehr-moorsee.de\/wp-content\/uploads\/2024\/02\/img_0820-768x1024.jpg 768w, https:\/\/www.feuerwehr-moorsee.de\/wp-content\/uploads\/2024\/02\/img_0820-225x300.jpg 225w, https:\/\/www.feuerwehr-moorsee.de\/wp-content\/uploads\/2024\/02\/img_0820-1152x1536.jpg 1152w, https:\/\/www.feuerwehr-moorsee.de\/wp-content\/uploads\/2024\/02\/img_0820-1536x2048.jpg 1536w, https:\/\/www.feuerwehr-moorsee.de\/wp-content\/uploads\/2024\/02\/img_0820-scaled.jpg 1920w\" sizes=\"auto, (max-width: 768px) 100vw, 768px\" \/><\/figure><div class=\"wp-block-media-text__content\">\n<p class=\"has-medium-font-size\" style=\"text-decoration:underline\">Kassenwartin:<\/p>\n\n\n\n<p class=\"has-medium-font-size\">Name: Luis K.<\/p>\n\n\n\n<p class=\"has-medium-font-size\">Alter:16<\/p>\n\n\n\n<p class=\"has-medium-font-size\">Hobbys: Jugendfeuerwehr<\/p>\n\n\n\n<p class=\"has-medium-font-size\">Aufgaben: \u00dcberblick \u00fcber die Ausgaben\/ Einnahmen der Jugendkasse<\/p>\n<\/div><\/div>\n\n\n\n<p><\/p>\n","protected":false},"excerpt":{"rendered":"<p>Das ist der gew\u00e4hlte Jugendausschuss unserer Jugendfeuerwehr. Dieser setzt sich aus dem Jugendgruppenleiter Jan, dem 1. Gruppenf\u00fchrer Luis, dem 2. Gruppenf\u00fchrer Elias, dem Schriftwart Kurt und der Kassenwartin Leia zusammen. &#8230;<\/p>\n","protected":false},"author":2,"featured_media":0,"parent":0,"menu_order":0,"comment_status":"closed","ping_status":"closed","template":"","meta":{"footnotes":""},"class_list":["post-399","page","type-page","status-publish","hentry"],"_links":{"self":[{"href":"https:\/\/www.feuerwehr-moorsee.de\/index.php?rest_route=\/wp\/v2\/pages\/399","targetHints":{"allow":["GET"]}}],"collection":[{"href":"https:\/\/www.feuerwehr-moorsee.de\/index.php?rest_route=\/wp\/v2\/pages"}],"about":[{"href":"https:\/\/www.feuerwehr-moorsee.de\/index.php?rest_route=\/wp\/v2\/types\/page"}],"author":[{"embeddable":true,"href":"https:\/\/www.feuerwehr-moorsee.de\/index.php?rest_route=\/wp\/v2\/users\/2"}],"replies":[{"embeddable":true,"href":"https:\/\/www.feuerwehr-moorsee.de\/index.php?rest_route=%2Fwp%2Fv2%2Fcomments&post=399"}],"version-history":[{"count":34,"href":"https:\/\/www.feuerwehr-moorsee.de\/index.php?rest_route=\/wp\/v2\/pages\/399\/revisions"}],"predecessor-version":[{"id":1877,"href":"https:\/\/www.feuerwehr-moorsee.de\/index.php?rest_route=\/wp\/v2\/pages\/399\/revisions\/1877"}],"wp:attachment":[{"href":"https:\/\/www.feuerwehr-moorsee.de\/index.php?rest_route=%2Fwp%2Fv2%2Fmedia&parent=399"}],"curies":[{"name":"wp","href":"https:\/\/api.w.org\/{rel}","templated":true}]}}