{"id":50,"date":"2021-09-20T21:19:14","date_gmt":"2021-09-20T19:19:14","guid":{"rendered":"https:\/\/www.feuerwehr-moorsee.de\/?page_id=50"},"modified":"2024-02-06T11:18:56","modified_gmt":"2024-02-06T10:18:56","slug":"jugendfeuerwehr","status":"publish","type":"page","link":"https:\/\/www.feuerwehr-moorsee.de\/?page_id=50","title":{"rendered":"Jugendfeuerwehr"},"content":{"rendered":"\n<figure class=\"wp-block-image size-large\"><img loading=\"lazy\" decoding=\"async\" width=\"2560\" height=\"1707\" src=\"https:\/\/www.feuerwehr-moorsee.de\/wp-content\/uploads\/2023\/02\/img_9059-scaled.jpg\" alt=\"\" class=\"wp-image-843\" srcset=\"https:\/\/www.feuerwehr-moorsee.de\/wp-content\/uploads\/2023\/02\/img_9059-scaled.jpg 2560w, https:\/\/www.feuerwehr-moorsee.de\/wp-content\/uploads\/2023\/02\/img_9059-300x200.jpg 300w, https:\/\/www.feuerwehr-moorsee.de\/wp-content\/uploads\/2023\/02\/img_9059-1024x683.jpg 1024w, https:\/\/www.feuerwehr-moorsee.de\/wp-content\/uploads\/2023\/02\/img_9059-768x512.jpg 768w, https:\/\/www.feuerwehr-moorsee.de\/wp-content\/uploads\/2023\/02\/img_9059-1536x1024.jpg 1536w, https:\/\/www.feuerwehr-moorsee.de\/wp-content\/uploads\/2023\/02\/img_9059-2048x1365.jpg 2048w\" sizes=\"auto, (max-width: 2560px) 100vw, 2560px\" \/><\/figure>\n\n\n\n<p class=\"has-medium-font-size\">Unsere Jugendfeuerwehr besteht\u00a0aktuell\u00a0aus\u00a024\u00a0Jugendlichen.\u00a0Wir wurden\u00a01982 als achte Jugendfeuerwehr im Stadtfeuerwehrverband Kiel gegr\u00fcndet.\u00a0<\/p>\n\n\n\n<p class=\"has-medium-font-size\">Die feuerwehrtechnischen Grundlagen, wie L\u00f6sch\u00fcbungen, Erste-Hilfe, Funk\u00fcbungen und den Umgang mit technischen Ger\u00e4ten \u00fcben wir&nbsp;<strong>jeden Montag von 17:30 Uhr bis 19:00 Uhr<\/strong>&nbsp;am Ger\u00e4tehaus in Kiel-Moorsee.&nbsp;<\/p>\n\n\n\n<p class=\"has-medium-font-size\">Die&nbsp;Ausbildung&nbsp;in der Jugendfeuerwehr&nbsp;bereitet&nbsp;uns&nbsp;umfassend auf den Dienst&nbsp;in der Einsatzabteilung vor \u2013 denn wir sind der Nachwuchs!<\/p>\n\n\n\n<p class=\"has-medium-font-size\">Ebenso&nbsp;ist&nbsp;in unserer Jugendfeuerwehr Zuverl\u00e4ssigkeit, Teamgeist, Hilfsbereitschaft und vor allem Spa\u00df&nbsp;und Spiel&nbsp;ein wichtiger Bestandteil.&nbsp;So machen&nbsp;wir unter anderem&nbsp;jedes Jahr eine Freizeitfahrt, nehmen an Wettbewerben teil und&nbsp;machen \u00dcbernachtungswochenenden mit unterschiedlichen Einsatzszenarien. &nbsp;<\/p>\n\n\n\n<p class=\"has-medium-font-size\">Du bist&nbsp;10 Jahre&nbsp;oder \u00e4lter&nbsp;und&nbsp;m\u00f6chtest in einer kameradschaftlichen Gemeinschaft&nbsp;mitwirken, gleichzeitig Spa\u00df haben und neue Freunde kennenlernen?<\/p>\n\n\n\n<p class=\"has-medium-font-size\">Dann komm zu uns in die Jugendfeuerwehr!<\/p>\n","protected":false},"excerpt":{"rendered":"<p>Unsere Jugendfeuerwehr besteht\u00a0aktuell\u00a0aus\u00a024\u00a0Jugendlichen.\u00a0Wir wurden\u00a01982 als achte Jugendfeuerwehr im Stadtfeuerwehrverband Kiel gegr\u00fcndet.\u00a0 Die feuerwehrtechnischen Grundlagen, wie L\u00f6sch\u00fcbungen, Erste-Hilfe, Funk\u00fcbungen und den Umgang mit technischen Ger\u00e4ten \u00fcben wir&nbsp;jeden Montag von 17:30 Uhr &#8230;<\/p>\n","protected":false},"author":2,"featured_media":0,"parent":0,"menu_order":0,"comment_status":"closed","ping_status":"closed","template":"","meta":{"footnotes":""},"class_list":["post-50","page","type-page","status-publish","hentry"],"_links":{"self":[{"href":"https:\/\/www.feuerwehr-moorsee.de\/index.php?rest_route=\/wp\/v2\/pages\/50","targetHints":{"allow":["GET"]}}],"collection":[{"href":"https:\/\/www.feuerwehr-moorsee.de\/index.php?rest_route=\/wp\/v2\/pages"}],"about":[{"href":"https:\/\/www.feuerwehr-moorsee.de\/index.php?rest_route=\/wp\/v2\/types\/page"}],"author":[{"embeddable":true,"href":"https:\/\/www.feuerwehr-moorsee.de\/index.php?rest_route=\/wp\/v2\/users\/2"}],"replies":[{"embeddable":true,"href":"https:\/\/www.feuerwehr-moorsee.de\/index.php?rest_route=%2Fwp%2Fv2%2Fcomments&post=50"}],"version-history":[{"count":14,"href":"https:\/\/www.feuerwehr-moorsee.de\/index.php?rest_route=\/wp\/v2\/pages\/50\/revisions"}],"predecessor-version":[{"id":1340,"href":"https:\/\/www.feuerwehr-moorsee.de\/index.php?rest_route=\/wp\/v2\/pages\/50\/revisions\/1340"}],"wp:attachment":[{"href":"https:\/\/www.feuerwehr-moorsee.de\/index.php?rest_route=%2Fwp%2Fv2%2Fmedia&parent=50"}],"curies":[{"name":"wp","href":"https:\/\/api.w.org\/{rel}","templated":true}]}}