{"id":52,"date":"2021-09-20T21:19:39","date_gmt":"2021-09-20T19:19:39","guid":{"rendered":"https:\/\/www.feuerwehr-moorsee.de\/?page_id=52"},"modified":"2026-02-17T20:43:16","modified_gmt":"2026-02-17T19:43:16","slug":"einsatzabteilung","status":"publish","type":"page","link":"https:\/\/www.feuerwehr-moorsee.de\/?page_id=52","title":{"rendered":"Einsatzabteilung"},"content":{"rendered":"\n<figure class=\"wp-block-gallery has-nested-images columns-default is-cropped wp-block-gallery-1 is-layout-flex wp-block-gallery-is-layout-flex\">\n<figure class=\"wp-block-image size-large\"><img loading=\"lazy\" decoding=\"async\" width=\"1024\" height=\"681\" data-id=\"101\" src=\"https:\/\/www.feuerwehr-moorsee.de\/wp-content\/uploads\/2021\/09\/PHOTO-2021-09-21-16-04-52-2.jpg\" alt=\"\" class=\"wp-image-101\" srcset=\"https:\/\/www.feuerwehr-moorsee.de\/wp-content\/uploads\/2021\/09\/PHOTO-2021-09-21-16-04-52-2.jpg 1024w, https:\/\/www.feuerwehr-moorsee.de\/wp-content\/uploads\/2021\/09\/PHOTO-2021-09-21-16-04-52-2-300x200.jpg 300w, https:\/\/www.feuerwehr-moorsee.de\/wp-content\/uploads\/2021\/09\/PHOTO-2021-09-21-16-04-52-2-768x511.jpg 768w\" sizes=\"auto, (max-width: 1024px) 100vw, 1024px\" \/><\/figure>\n<\/figure>\n\n\n\n<p style=\"font-size:18px\">Die Einsatzabteilung der\u00a0Freiwilligen\u00a0Feuerwehr Kiel-Moorsee\u00a0besteht derzeit aus 28 Mitgliedern,\u00a0darunter 21 M\u00e4nner und 7 Frauen.<\/p>\n\n\n\n<p style=\"font-size:18px\">Die&nbsp;Kameradinnen und Kameraden&nbsp;der&nbsp;Einsatzabteilung&nbsp;sind zwischen 18 und 65 Jahre alt und stehen&nbsp;zu jeder Tages- und Nachtzeit f\u00fcr den&nbsp;Einsatzdienst zur Verf\u00fcgung. Damit sorgen sie daf\u00fcr, dass der Brandschutz in den Ortsteilen&nbsp;Moorsee,&nbsp;Schl\u00fcsbek&nbsp;und&nbsp;Kronsburg sichergestellt wird. Dar\u00fcber hinaus helfen sie in Not geratenen Personen.&nbsp;Bei Gro\u00dfbr\u00e4nden&nbsp;oder Gro\u00dfschadenslagen, wie schweren Unwettern,&nbsp;r\u00fccken die Kameradinnen und Kameraden auch zu Eins\u00e4tzen in anderen Stadtteilen von Kiel aus.<\/p>\n\n\n\n<p style=\"font-size:18px\">Neben der t\u00e4glichen Einsatzbereitschaft&nbsp;gilt es durch&nbsp;regelm\u00e4\u00dfige Ausbildungsdienste,&nbsp;Einsatz\u00fcbungen&nbsp;und Lehrg\u00e4nge&nbsp;das&nbsp;K\u00f6nnen und Wissen&nbsp;kontinuierlich&nbsp;auszubauen und zu vertiefen. Dadurch wird sichergestellt, dass jeder&nbsp;auf dem aktuellen Stand bleibt und auch in komplexen, schwierigen Einsatzsituationen stets die&nbsp;richtigen Entscheidungen treffen kann. So kann&nbsp;Menschen in Notlagen schnell und kompetent&nbsp;geholfen werden.<\/p>\n\n\n\n<p style=\"font-size:18px\">Du bist 18 Jahre oder \u00e4lter,&nbsp;suchst ein&nbsp;neues&nbsp;Hobby&nbsp;und m\u00f6chtest in&nbsp;einer kameradschaftlichen und famili\u00e4ren&nbsp;Gemeinschaft mitwirken?&nbsp;<\/p>\n\n\n\n<p style=\"font-size:18px\">Dann&nbsp;unterst\u00fctze&nbsp;uns und stelle dich mit Hilfe&nbsp;moderner Technik einer wichtigen gesellschaftlichen Aufgabe im Katastrophenschutz.<\/p>\n\n\n\n<p class=\"has-medium-font-size\"><\/p>\n","protected":false},"excerpt":{"rendered":"<p>Die Einsatzabteilung der\u00a0Freiwilligen\u00a0Feuerwehr Kiel-Moorsee\u00a0besteht derzeit aus 28 Mitgliedern,\u00a0darunter 21 M\u00e4nner und 7 Frauen. Die&nbsp;Kameradinnen und Kameraden&nbsp;der&nbsp;Einsatzabteilung&nbsp;sind zwischen 18 und 65 Jahre alt und stehen&nbsp;zu jeder Tages- und Nachtzeit f\u00fcr den&nbsp;Einsatzdienst &#8230;<\/p>\n","protected":false},"author":2,"featured_media":0,"parent":0,"menu_order":0,"comment_status":"closed","ping_status":"closed","template":"","meta":{"footnotes":""},"class_list":["post-52","page","type-page","status-publish","hentry"],"_links":{"self":[{"href":"https:\/\/www.feuerwehr-moorsee.de\/index.php?rest_route=\/wp\/v2\/pages\/52","targetHints":{"allow":["GET"]}}],"collection":[{"href":"https:\/\/www.feuerwehr-moorsee.de\/index.php?rest_route=\/wp\/v2\/pages"}],"about":[{"href":"https:\/\/www.feuerwehr-moorsee.de\/index.php?rest_route=\/wp\/v2\/types\/page"}],"author":[{"embeddable":true,"href":"https:\/\/www.feuerwehr-moorsee.de\/index.php?rest_route=\/wp\/v2\/users\/2"}],"replies":[{"embeddable":true,"href":"https:\/\/www.feuerwehr-moorsee.de\/index.php?rest_route=%2Fwp%2Fv2%2Fcomments&post=52"}],"version-history":[{"count":20,"href":"https:\/\/www.feuerwehr-moorsee.de\/index.php?rest_route=\/wp\/v2\/pages\/52\/revisions"}],"predecessor-version":[{"id":1836,"href":"https:\/\/www.feuerwehr-moorsee.de\/index.php?rest_route=\/wp\/v2\/pages\/52\/revisions\/1836"}],"wp:attachment":[{"href":"https:\/\/www.feuerwehr-moorsee.de\/index.php?rest_route=%2Fwp%2Fv2%2Fmedia&parent=52"}],"curies":[{"name":"wp","href":"https:\/\/api.w.org\/{rel}","templated":true}]}}