{"id":6,"date":"2021-09-20T19:35:17","date_gmt":"2021-09-20T17:35:17","guid":{"rendered":"https:\/\/www.feuerwehr-moorsee.de\/?page_id=6"},"modified":"2025-01-07T10:57:23","modified_gmt":"2025-01-07T09:57:23","slug":"home","status":"publish","type":"page","link":"https:\/\/www.feuerwehr-moorsee.de\/?page_id=6","title":{"rendered":"\u00dcber uns"},"content":{"rendered":"\n<h2 class=\"wp-block-heading has-large-font-size\">Herzlich willkommen!<\/h2>\n\n\n\n<p class=\"has-medium-font-size\">Wir sind die Freiwillige Feuerwehr Kiel-Moorsee. Unsere Freiwillige Feuerwehr ist eine von 10 Freiwilligen Feuerwehren im Kieler Stadtgebiet. In unserer Wehr gibt es drei verschiedene Abteilungen, in denen die Kameradinnen und Kameraden aktiv sind. <\/p>\n\n\n\n<ul style=\"font-size:16px\" class=\"wp-block-list\">\n<li>Die Jugendfeuerwehr f\u00fcr alle Jugendlichen im Alter von 10 bis 18 Jahren<\/li>\n\n\n\n<li>Die Einsatzabteilung f\u00fcr alle Erwachsenen im Alter von 18 bis 67 Jahren<\/li>\n\n\n\n<li>Die Ehrenabteilung f\u00fcr alle im Ruhestand ab 67 Jahren&nbsp;<\/li>\n<\/ul>\n\n\n\n<p class=\"has-medium-font-size\">Seit unserer Gr\u00fcndung im Jahr 1908 sind wir f\u00fcr den Brandschutz im ehemaligen Amt Moorsee (fr\u00fcher Kreis Pl\u00f6n) zust\u00e4ndig. Wir betreuen seit der Eingemeindung in die Stadt Kiel im Jahre 1970 gemeinsam mit der Berufsfeuerwehr Kiel die Stadtteile Moorsee, Schl\u00fcsbek, Poppenbr\u00fcgge und Teile Kronsburgs.&nbsp;<\/p>\n\n\n\n<p class=\"has-medium-font-size\">Zu unserem Einsatzgebiet geh\u00f6ren unter anderem einige Stra\u00dfenz\u00fcge im Gewerbegebiet Wellsee, das ehemalige Druckzentrum der Kieler Nachrichten, der Famila Markt in Neu-Meimersdorf und die darum liegenden Wohn- und Gewerbegebiete. Des Weiteren betreuen wir Teile der Bundesstra\u00dfe 404 (B 404). Nat\u00fcrlich unterst\u00fctzen wir bei gr\u00f6\u00dferen Einsatzlagen auch im weiteren Stadtgebiet im Bereich der Berufsfeuerwehr und der Freiwilligen Feuerwehren.<\/p>\n\n\n\n<p class=\"has-medium-font-size\">Dar\u00fcber hinaus r\u00fccken wir gemeinsam mit unserer Nachbar-Wehr, der Freiwilligen Feuerwehr Kiel-R\u00f6nne, zu allen Eins\u00e4tzen aus. Dementsprechend z\u00e4hlt auch das Einsatzgebiet der FF Kiel-R\u00f6nne zu unserem \u00fcbertragenen Bereich.<\/p>\n\n\n\n<p class=\"has-medium-font-size\">Unser Feuerwehrger\u00e4tehaus befindet sich mit unseren drei Einsatzfahrzeugen in Kiel-Moorsee unweit der B 404. Das Ger\u00e4tehaus ist im Gegensatz zu den drei Wachen der Berufsfeuerwehr Kiel nicht 24\/7 besetzt. Wir sind allerdings 24\/7 einsatzbereit, um jederzeit in k\u00fcrzester Zeit f\u00fcr die B\u00fcrgerinnen und B\u00fcrger da zu sein. Alarmiert werden wir mittels Funkmeldeempf\u00e4nger, einer App sowie der Sirene.&nbsp;<\/p>\n\n\n\n<p class=\"has-medium-font-size\">Unsere Jugendfeuerwehr trifft sich jeden Montag von 17:30 \u2013 19:00 Uhr zum \u00dcbungsdienst. Die Einsatzabteilung trifft sich jeden zweiten Montag von 19:30 \u2013 21:30 Uhr zum Dienstabend.<\/p>\n\n\n\n<p class=\"has-medium-font-size\">Haben wir dein Interesse an der Feuerwehrarbeit geweckt und m\u00f6chtest du uns kennenlernen? Auf unserer Internetseite und auf Instagram\/ Facebook haben wir viele interessante Informationen f\u00fcr dich zusammengestellt.<\/p>\n\n\n\n<p class=\"has-medium-font-size\">Ob&nbsp;Student*in, Verk\u00e4ufer*in, Mechatroniker*in, Veranstaltungstechniker*in, Stra\u00dfenbauer*in&nbsp;oder Berufskraftfahrer*in: In der Freiwilligen Feuerwehr hat jeder Mensch&nbsp;die M\u00f6glichkeit, die eigenen individuellen F\u00e4higkeiten mit einzubringen.<\/p>\n\n\n\n<p class=\"has-medium-font-size\">Wir freuen uns auf dich!<\/p>\n\n\n\t\t<div id=\"sbi_mod_error\" >\n\t\t\t<span>Diese Fehlermeldung ist nur f\u00fcr WordPress-Administratoren sichtbar<\/span><br\/>\n\t\t\t<p><strong>Fehler: Kein Feed mit der ID 2 gefunden.<\/strong>\n\t\t\t<p>Bitte geh zur Instagram-Feed-Einstellungsseite, um einen Feed zu erstellen.<\/p>\n\t\t<\/div>\n\t\t\n","protected":false},"excerpt":{"rendered":"<p>Herzlich willkommen! Wir sind die Freiwillige Feuerwehr Kiel-Moorsee. Unsere Freiwillige Feuerwehr ist eine von 10 Freiwilligen Feuerwehren im Kieler Stadtgebiet. In unserer Wehr gibt es drei verschiedene Abteilungen, in denen &#8230;<\/p>\n","protected":false},"author":2,"featured_media":0,"parent":0,"menu_order":0,"comment_status":"closed","ping_status":"closed","template":"","meta":{"footnotes":""},"class_list":["post-6","page","type-page","status-publish","hentry"],"_links":{"self":[{"href":"https:\/\/www.feuerwehr-moorsee.de\/index.php?rest_route=\/wp\/v2\/pages\/6","targetHints":{"allow":["GET"]}}],"collection":[{"href":"https:\/\/www.feuerwehr-moorsee.de\/index.php?rest_route=\/wp\/v2\/pages"}],"about":[{"href":"https:\/\/www.feuerwehr-moorsee.de\/index.php?rest_route=\/wp\/v2\/types\/page"}],"author":[{"embeddable":true,"href":"https:\/\/www.feuerwehr-moorsee.de\/index.php?rest_route=\/wp\/v2\/users\/2"}],"replies":[{"embeddable":true,"href":"https:\/\/www.feuerwehr-moorsee.de\/index.php?rest_route=%2Fwp%2Fv2%2Fcomments&post=6"}],"version-history":[{"count":21,"href":"https:\/\/www.feuerwehr-moorsee.de\/index.php?rest_route=\/wp\/v2\/pages\/6\/revisions"}],"predecessor-version":[{"id":1501,"href":"https:\/\/www.feuerwehr-moorsee.de\/index.php?rest_route=\/wp\/v2\/pages\/6\/revisions\/1501"}],"wp:attachment":[{"href":"https:\/\/www.feuerwehr-moorsee.de\/index.php?rest_route=%2Fwp%2Fv2%2Fmedia&parent=6"}],"curies":[{"name":"wp","href":"https:\/\/api.w.org\/{rel}","templated":true}]}}